{"id":6242,"date":"2025-06-17T16:48:38","date_gmt":"2025-06-17T14:48:38","guid":{"rendered":"https:\/\/kozmetikadasi.com\/?page_id=6242"},"modified":"2025-06-17T16:54:32","modified_gmt":"2025-06-17T14:54:32","slug":"frequently-asked-questions","status":"publish","type":"page","link":"https:\/\/kozmetikadasi.com\/tr\/frequently-asked-questions\/","title":{"rendered":"Frequently Asked Questions"},"content":{"rendered":"<div data-elementor-type=\"wp-page\" data-elementor-id=\"6242\" class=\"elementor elementor-6242\">\n\t\t\t\t<div class=\"elementor-element elementor-element-caefe38 e-flex e-con-boxed e-con e-parent\" data-id=\"caefe38\" data-element_type=\"container\" data-e-type=\"container\">\n\t\t\t\t\t<div class=\"e-con-inner\">\n\t\t\t\t<div class=\"elementor-element elementor-element-52aac8f elementor-widget elementor-widget-heading\" data-id=\"52aac8f\" data-element_type=\"widget\" data-e-type=\"widget\" data-widget_type=\"heading.default\">\n\t\t\t\t<div class=\"elementor-widget-container\">\n\t\t\t\t\t<h4 class=\"elementor-heading-title elementor-size-default\">\u00d6deme \u015fekli nas\u0131l ger\u00e7ekle\u015fiyor?<\/h4>\t\t\t\t<\/div>\n\t\t\t\t<\/div>\n\t\t\t\t<div class=\"elementor-element elementor-element-51e4abd elementor-widget elementor-widget-text-editor\" data-id=\"51e4abd\" data-element_type=\"widget\" data-e-type=\"widget\" data-widget_type=\"text-editor.default\">\n\t\t\t\t<div class=\"elementor-widget-container\">\n\t\t\t\t\t\t\t\t\t<p>\u015eu anda sipari\u015f \u00f6demelerinizi kap\u0131da nakit olarak ya da kap\u0131da IBAN bilgisi verilerek havale\/EFT<br \/>y\u00f6ntemiyle ger\u00e7ekle\u015ftirebilirsiniz.<\/p><p>IBAN ile \u00f6deme yapmak isteyen m\u00fc\u015fterilerimize, teslimat s\u0131ras\u0131nda hesap bilgileri sunulacakt\u0131r. Bu<br \/>bilgilerle bankan\u0131z \u00fczerinden kolayca \u00f6deme yapabilirsiniz.<\/p>\t\t\t\t\t\t\t\t<\/div>\n\t\t\t\t<\/div>\n\t\t\t\t<div class=\"elementor-element elementor-element-45bf6a3 elementor-widget elementor-widget-heading\" data-id=\"45bf6a3\" data-element_type=\"widget\" data-e-type=\"widget\" data-widget_type=\"heading.default\">\n\t\t\t\t<div class=\"elementor-widget-container\">\n\t\t\t\t\t<h4 class=\"elementor-heading-title elementor-size-default\">Kargom ne zaman ula\u015f\u0131r? Takibini nas\u0131l yapabilirim?<\/h4>\t\t\t\t<\/div>\n\t\t\t\t<\/div>\n\t\t\t\t<div class=\"elementor-element elementor-element-cfcdf43 elementor-widget elementor-widget-text-editor\" data-id=\"cfcdf43\" data-element_type=\"widget\" data-e-type=\"widget\" data-widget_type=\"text-editor.default\">\n\t\t\t\t<div class=\"elementor-widget-container\">\n\t\t\t\t\t\t\t\t\t<p>Sipari\u015finiz onayland\u0131ktan sonra kargonuz genellikle 1\u20133 i\u015f g\u00fcn\u00fc i\u00e7inde teslim edilir.<\/p><p>Kargo durumunuzu \u00f6\u011frenmek i\u00e7in, web sitemizin alt k\u0131sm\u0131nda yer alan ileti\u015fim numaram\u0131zdan bize ula\u015fabilir ve sipari\u015finizin g\u00fcncel durumunu \u00f6\u011frenebilirsiniz.<\/p>\t\t\t\t\t\t\t\t<\/div>\n\t\t\t\t<\/div>\n\t\t\t\t<div class=\"elementor-element elementor-element-cf4dacd elementor-widget elementor-widget-heading\" data-id=\"cf4dacd\" data-element_type=\"widget\" data-e-type=\"widget\" data-widget_type=\"heading.default\">\n\t\t\t\t<div class=\"elementor-widget-container\">\n\t\t\t\t\t<h4 class=\"elementor-heading-title elementor-size-default\">\u0130ade s\u00fcreci nas\u0131l i\u015fler?<\/h4>\t\t\t\t<\/div>\n\t\t\t\t<\/div>\n\t\t\t\t<div class=\"elementor-element elementor-element-4fe2e78 elementor-widget elementor-widget-text-editor\" data-id=\"4fe2e78\" data-element_type=\"widget\" data-e-type=\"widget\" data-widget_type=\"text-editor.default\">\n\t\t\t\t<div class=\"elementor-widget-container\">\n\t\t\t\t\t\t\t\t\t<p>\u0130ade i\u015flemleri yaln\u0131zca a\u015fa\u011f\u0131daki durumlarda ge\u00e7erlidir:<\/p><ul><li>\u00dcr\u00fcn\u00fcn k\u0131r\u0131k, hasarl\u0131 ya da bozulmu\u015f \u015fekilde ula\u015fmas\u0131<\/li><li>Yanl\u0131\u015f \u00fcr\u00fcn g\u00f6nderilmesi<\/li><\/ul><p>Bu gibi durumlarda, \u00fcr\u00fcn\u00fcn teslimat\u0131ndan itibaren 7 g\u00fcn i\u00e7inde m\u00fc\u015fteri hizmetlerimizle ileti\u015fime<br \/>ge\u00e7erek iade talebinde bulunabilirsiniz.<\/p><p>Ekibimiz, en k\u0131sa s\u00fcrede size yard\u0131mc\u0131 olacak ve s\u00fcreci y\u00f6netecektir.<\/p>\t\t\t\t\t\t\t\t<\/div>\n\t\t\t\t<\/div>\n\t\t\t\t\t<\/div>\n\t\t\t\t<\/div>\n\t\t\t\t<\/div>","protected":false},"excerpt":{"rendered":"<p>\u00d6deme \u015fekli nas\u0131l ger\u00e7ekle\u015fiyor? \u015eu anda sipari\u015f \u00f6demelerinizi kap\u0131da nakit olarak ya da kap\u0131da IBAN bilgisi verilerek havale\/EFTy\u00f6ntemiyle ger\u00e7ekle\u015ftirebilirsiniz. IBAN ile \u00f6deme yapmak isteyen m\u00fc\u015fterilerimize, teslimat s\u0131ras\u0131nda hesap bilgileri sunulacakt\u0131r. Bubilgilerle bankan\u0131z \u00fczerinden kolayca \u00f6deme yapabilirsiniz. Kargom ne zaman ula\u015f\u0131r? Takibini nas\u0131l yapabilirim? Sipari\u015finiz onayland\u0131ktan sonra kargonuz genellikle 1\u20133 i\u015f g\u00fcn\u00fc i\u00e7inde teslim edilir. Kargo [&hellip;]<\/p>\n","protected":false},"author":1,"featured_media":0,"parent":0,"menu_order":0,"comment_status":"closed","ping_status":"closed","template":"","meta":{"footnotes":""},"class_list":["post-6242","page","type-page","status-publish","hentry"],"_links":{"self":[{"href":"https:\/\/kozmetikadasi.com\/tr\/wp-json\/wp\/v2\/pages\/6242","targetHints":{"allow":["GET"]}}],"collection":[{"href":"https:\/\/kozmetikadasi.com\/tr\/wp-json\/wp\/v2\/pages"}],"about":[{"href":"https:\/\/kozmetikadasi.com\/tr\/wp-json\/wp\/v2\/types\/page"}],"author":[{"embeddable":true,"href":"https:\/\/kozmetikadasi.com\/tr\/wp-json\/wp\/v2\/users\/1"}],"replies":[{"embeddable":true,"href":"https:\/\/kozmetikadasi.com\/tr\/wp-json\/wp\/v2\/comments?post=6242"}],"version-history":[{"count":7,"href":"https:\/\/kozmetikadasi.com\/tr\/wp-json\/wp\/v2\/pages\/6242\/revisions"}],"predecessor-version":[{"id":6252,"href":"https:\/\/kozmetikadasi.com\/tr\/wp-json\/wp\/v2\/pages\/6242\/revisions\/6252"}],"wp:attachment":[{"href":"https:\/\/kozmetikadasi.com\/tr\/wp-json\/wp\/v2\/media?parent=6242"}],"curies":[{"name":"wp","href":"https:\/\/api.w.org\/{rel}","templated":true}]}}